{"id":235,"date":"2025-02-05T15:03:28","date_gmt":"2025-02-05T15:03:28","guid":{"rendered":"https:\/\/mu-eventos.com\/?page_id=235"},"modified":"2025-02-19T16:54:01","modified_gmt":"2025-02-19T16:54:01","slug":"equipamentos","status":"publish","type":"page","link":"https:\/\/mu-eventos.com\/index.php\/equipamentos\/","title":{"rendered":"Equipamentos"},"content":{"rendered":"\n    \n    <section class=\"u-black u-clearfix u-section-2\" id=\"block-6\">\n      <div class=\"u-clearfix u-sheet u-sheet-1\">\n        <div class=\"u-expanded-width u-gallery u-layout-grid u-lightbox u-no-transition u-show-text-always u-gallery-1\">\n          <div class=\"u-gallery-inner u-gallery-inner-1\">\n            <div class=\"u-effect-hover-zoom u-gallery-item\">\n              <div class=\"u-back-slide\" data-image-width=\"800\" data-image-height=\"800\">\n                <img decoding=\"async\" class=\"u-back-image u-expanded\" src=\"https:\/\/mu-eventos.com\/wp-content\/uploads\/2025\/02\/photobooth_360_overhead-600.jpg\" alt=\"Photobooth 360\">\n              <\/div>\n              <div class=\"u-container-align-center u-over-slide u-shading u-valign-bottom u-over-slide-1\">\n                <h5 class=\"u-align-center u-gallery-heading\" style=\"margin-right: 0px; margin-left: 0px; text-transform: uppercase;\">Photobooth 360<\/h5>\n              <\/div>\n            <\/div>\n            <div class=\"u-effect-hover-zoom u-gallery-item\">\n              <div class=\"u-back-slide\" data-image-width=\"800\" data-image-height=\"800\">\n                <img decoding=\"async\" class=\"u-back-image u-expanded\" src=\"https:\/\/mu-eventos.com\/wp-content\/uploads\/2025\/02\/mq_pipocas_dupla_2_chaleiras-600.jpg\" alt=\"M\u00e1quina Pipocas dupla\">\n              <\/div>\n              <div class=\"u-container-align-center u-over-slide u-shading u-valign-bottom u-over-slide-2\">\n                <h5 class=\"u-align-center u-gallery-heading\" style=\"margin-right: 0px; margin-left: 0px; text-transform: uppercase;\">M\u00e1quina Pipocas dupla<\/h5>\n              <\/div>\n            <\/div>\n            <div class=\"u-effect-hover-zoom u-gallery-item\">\n              <div class=\"u-back-slide\" data-image-width=\"800\" data-image-height=\"800\">\n                <img decoding=\"async\" class=\"u-back-image u-expanded\" src=\"https:\/\/mu-eventos.com\/wp-content\/uploads\/2025\/02\/mq_pipocas_simples_1_chaleira-600.jpg\" alt=\"M\u00e1quina de pipocas\">\n              <\/div>\n              <div class=\"u-container-align-center u-over-slide u-shading u-valign-bottom u-over-slide-3\">\n                <h5 class=\"u-align-center u-gallery-heading\" style=\"margin-right: 0px; margin-left: 0px; text-transform: uppercase;\">M\u00e1quina de pipocas<\/h5>\n              <\/div>\n            <\/div>\n            <div class=\"u-effect-hover-zoom u-gallery-item\">\n              <div class=\"u-back-slide\" data-image-width=\"800\" data-image-height=\"800\">\n                <img decoding=\"async\" class=\"u-back-image u-expanded\" src=\"https:\/\/mu-eventos.com\/wp-content\/uploads\/2025\/02\/mq_hotdogs-600.jpg\" alt=\"M\u00e1quina para hotdogs\">\n              <\/div>\n              <div class=\"u-container-align-center u-over-slide u-shading u-valign-bottom u-over-slide-4\">\n                <h5 class=\"u-align-center u-gallery-heading\" style=\"margin-right: 0px; margin-left: 0px; text-transform: uppercase;\">M\u00e1quina para hotdogs<\/h5>\n              <\/div>\n            <\/div>\n            <div class=\"u-effect-hover-zoom u-gallery-item\">\n              <div class=\"u-back-slide\" data-image-width=\"800\" data-image-height=\"800\">\n                <img decoding=\"async\" class=\"u-back-image u-expanded\" src=\"https:\/\/mu-eventos.com\/wp-content\/uploads\/2025\/02\/mq_algodao_doce-600.jpg\" alt=\"M\u00e1quina de algod\u00e3o doce\">\n              <\/div>\n              <div class=\"u-container-align-center u-over-slide u-shading u-valign-bottom u-over-slide-5\">\n                <h5 class=\"u-align-center u-gallery-heading\" style=\"margin-right: 0px; margin-left: 0px; text-transform: uppercase;\">M\u00e1quina de algod\u00e3o doce<\/h5>\n              <\/div>\n            <\/div>\n            <div class=\"u-effect-hover-zoom u-gallery-item\">\n              <div class=\"u-back-slide\" data-image-width=\"800\" data-image-height=\"800\">\n                <img decoding=\"async\" class=\"u-back-image u-expanded\" src=\"https:\/\/mu-eventos.com\/wp-content\/uploads\/2025\/02\/mesa_dj__tampo_80cm_100cm_-600.jpg\" alt=\"Mesa DJ tampo 80 a 100&nbsp;cm\">\n              <\/div>\n              <div class=\"u-container-align-center u-over-slide u-shading u-valign-bottom u-over-slide-6\">\n                <h5 class=\"u-align-center u-gallery-heading\" style=\"margin-right: 0px; margin-left: 0px; text-transform: uppercase;\">Mesa DJ tampo 80 a 100&nbsp;cm<\/h5>\n              <\/div>\n            <\/div>\n            <div class=\"u-effect-hover-zoom u-gallery-item\">\n              <div class=\"u-back-slide\" data-image-width=\"800\" data-image-height=\"800\">\n                <img decoding=\"async\" class=\"u-back-image u-expanded\" src=\"https:\/\/mu-eventos.com\/wp-content\/uploads\/2025\/02\/forno_convec__o_manual_4_tabuleiros_60cm-600.jpg\" alt=\"Forno de convec\u00e7\u00e3o manual 60cm\">\n              <\/div>\n              <div class=\"u-container-align-center u-over-slide u-shading u-valign-bottom u-over-slide-7\">\n                <h5 class=\"u-align-center u-gallery-heading\" style=\"margin-right: 0px; margin-left: 0px; text-transform: uppercase;\">Forno de convec\u00e7\u00e3o manual 60cm<\/h5>\n              <\/div>\n            <\/div>\n            <div class=\"u-effect-hover-zoom u-gallery-item\">\n              <div class=\"u-back-slide\" data-image-width=\"800\" data-image-height=\"800\">\n                <img decoding=\"async\" class=\"u-back-image u-expanded\" src=\"https:\/\/mu-eventos.com\/wp-content\/uploads\/2025\/02\/aquecedor_de_comida_ajustavel_em_altura-600.jpg\" alt=\"Aquecedor comida ajust\u00e1vel em&nbsp;altura\">\n              <\/div>\n              <div class=\"u-container-align-center u-over-slide u-shading u-valign-bottom u-over-slide-8\">\n                <h5 class=\"u-align-center u-gallery-heading\" style=\"margin-right: 0px; margin-left: 0px; text-transform: uppercase;\">Aquecedor comida ajust\u00e1vel em&nbsp;altura<\/h5>\n              <\/div>\n            <\/div>\n            <div class=\"u-effect-hover-zoom u-gallery-item\">\n              <div class=\"u-back-slide\" data-image-width=\"800\" data-image-height=\"800\">\n                <img decoding=\"async\" class=\"u-back-image u-expanded\" src=\"https:\/\/mu-eventos.com\/wp-content\/uploads\/2025\/02\/aquecedor_comida_3_recipientes_eletrico-600.jpg\" alt=\"Aquecedor comida 3 recipientes el\u00e9trico\">\n              <\/div>\n              <div class=\"u-container-align-center u-over-slide u-shading u-valign-bottom u-over-slide-9\">\n                <h5 class=\"u-align-center u-gallery-heading\" style=\"margin-right: 0px; margin-left: 0px; text-transform: uppercase;\">Aquecedor comida 3 recipientes el\u00e9trico<\/h5>\n              <\/div>\n            <\/div>\n            <div class=\"u-effect-hover-zoom u-gallery-item\">\n              <div class=\"u-back-slide\" data-image-width=\"800\" data-image-height=\"800\">\n                <img decoding=\"async\" class=\"u-back-image u-expanded\" src=\"https:\/\/mu-eventos.com\/wp-content\/uploads\/2025\/02\/aqueceder_pipocas_batata_frita-600.jpg\" alt=\"Aquecedor de pipocas \/ batata frita \/&nbsp;nachos\">\n              <\/div>\n              <div class=\"u-container-align-center u-over-slide u-shading u-valign-bottom u-over-slide-10\">\n                <h5 class=\"u-align-center u-gallery-heading\" style=\"margin-right: 0px; margin-left: 0px; text-transform: uppercase;\">Aquecedor de pipocas \/ batata frita \/&nbsp;nachos<\/h5>\n              <\/div>\n            <\/div>\n            <div class=\"u-effect-hover-zoom u-gallery-item\">\n              <div class=\"u-back-slide\" data-image-width=\"800\" data-image-height=\"800\">\n                <img decoding=\"async\" class=\"u-back-image u-expanded\" src=\"https:\/\/mu-eventos.com\/wp-content\/uploads\/2025\/02\/assador_pernil_automatico_ou_manual-600.jpg\" alt=\"Assador de pernil (rota\u00e7\u00e3o autom\u00e1tica ou&nbsp;manual)\">\n              <\/div>\n              <div class=\"u-container-align-center u-over-slide u-shading u-valign-bottom u-over-slide-11\">\n                <h5 class=\"u-align-center u-gallery-heading\" style=\"margin-right: 0px; margin-left: 0px; text-transform: uppercase;\">Assador de pernil (rota\u00e7\u00e3o autom\u00e1tica ou&nbsp;manual)<\/h5>\n              <\/div>\n            <\/div>\n            <div class=\"u-effect-hover-zoom u-gallery-item\">\n              <div class=\"u-back-slide\" data-image-width=\"800\" data-image-height=\"800\">\n                <img decoding=\"async\" class=\"u-back-image u-expanded\" src=\"https:\/\/mu-eventos.com\/wp-content\/uploads\/2025\/02\/varinha_magica_pe_de_40cm_e_60cm-600.jpg\" alt=\"Varinha m\u00e1gica industrial p\u00e9 40cm&nbsp;ou&nbsp;60cm\">\n              <\/div>\n              <div class=\"u-container-align-center u-over-slide u-shading u-valign-bottom u-over-slide-12\">\n                <h5 class=\"u-align-center u-gallery-heading\" style=\"margin-right: 0px; margin-left: 0px; text-transform: uppercase;\">Varinha m\u00e1gica industrial p\u00e9 40cm&nbsp;ou&nbsp;60cm<\/h5>\n              <\/div>\n            <\/div>\n            <div class=\"u-effect-hover-zoom u-gallery-item\">\n              <div class=\"u-back-slide\" data-image-width=\"800\" data-image-height=\"800\">\n                <img decoding=\"async\" class=\"u-back-image u-expanded\" src=\"https:\/\/mu-eventos.com\/wp-content\/uploads\/2025\/02\/mesa_de_trabalho_90x60x85-600.jpg\" alt=\"Mesa de trabalho 90x60x85\">\n              <\/div>\n              <div class=\"u-container-align-center u-over-slide u-shading u-valign-bottom u-over-slide-13\">\n                <h5 class=\"u-align-center u-gallery-heading\" style=\"margin-right: 0px; margin-left: 0px; text-transform: uppercase;\">Mesa de trabalho 90x60x85<\/h5>\n              <\/div>\n            <\/div>\n            <div class=\"u-effect-hover-zoom u-gallery-item\">\n              <div class=\"u-back-slide\" data-image-width=\"800\" data-image-height=\"800\">\n                <img decoding=\"async\" class=\"u-back-image u-expanded\" src=\"https:\/\/mu-eventos.com\/wp-content\/uploads\/2025\/02\/red_MqTripadeAveiro.jpg\" alt=\"M\u00e1quina para &amp;quot;Tripas de Aveiro&amp;quot;\">\n              <\/div>\n              <div class=\"u-container-align-center u-over-slide u-shading u-valign-bottom u-over-slide-14\">\n                <h5 class=\"u-align-center u-gallery-heading\" style=\"margin-right: 0px; margin-left: 0px; text-transform: uppercase;\">M\u00e1quina para \"Tripas de Aveiro\"<\/h5>\n              <\/div>\n            <\/div>\n            <div class=\"u-effect-hover-zoom u-gallery-item\">\n              <div class=\"u-back-slide\" data-image-width=\"800\" data-image-height=\"800\">\n                <img decoding=\"async\" class=\"u-back-image u-expanded\" src=\"https:\/\/mu-eventos.com\/wp-content\/uploads\/2025\/02\/red_Maquinadegelo.jpg\" alt=\"M\u00e1quina de Gelo\">\n              <\/div>\n              <div class=\"u-container-align-center u-over-slide u-shading u-valign-bottom u-over-slide-15\">\n                <h5 class=\"u-align-center u-gallery-heading\" style=\"margin-right: 0px; margin-left: 0px; text-transform: uppercase;\">M\u00e1quina de Gelo<\/h5>\n              <\/div>\n            <\/div>\n            <div class=\"u-effect-hover-zoom u-gallery-item\">\n              <div class=\"u-back-slide\" data-image-width=\"800\" data-image-height=\"800\">\n                <img decoding=\"async\" class=\"u-back-image u-expanded\" src=\"https:\/\/mu-eventos.com\/wp-content\/uploads\/2025\/02\/red_Grelhadoragas.jpg\" alt=\"Grelhador a G\u00e1s\">\n              <\/div>\n              <div class=\"u-container-align-center u-over-slide u-shading u-valign-bottom u-over-slide-16\">\n                <h5 class=\"u-align-center u-gallery-heading\" style=\"margin-right: 0px; margin-left: 0px; text-transform: uppercase;\">Grelhador a G\u00e1s<\/h5>\n              <\/div>\n            <\/div>\n            <div class=\"u-effect-hover-zoom u-gallery-item\">\n              <div class=\"u-back-slide\" data-image-width=\"800\" data-image-height=\"800\">\n                <img decoding=\"async\" class=\"u-back-image u-expanded\" src=\"https:\/\/mu-eventos.com\/wp-content\/uploads\/2025\/02\/red_Frigorificovertical1.jpg\" alt=\"Frigor\u00edfico Vertical\">\n              <\/div>\n              <div class=\"u-container-align-center u-over-slide u-shading u-valign-bottom u-over-slide-17\">\n                <h5 class=\"u-align-center u-gallery-heading\" style=\"margin-right: 0px; margin-left: 0px; text-transform: uppercase;\">Frigor\u00edfico Vertical<\/h5>\n              <\/div>\n            <\/div>\n            <div class=\"u-effect-hover-zoom u-gallery-item\">\n              <div class=\"u-back-slide\" data-image-width=\"800\" data-image-height=\"800\">\n                <img decoding=\"async\" class=\"u-back-image u-expanded\" src=\"https:\/\/mu-eventos.com\/wp-content\/uploads\/2025\/02\/red_Maquinacerveja.jpg\" alt=\"M\u00e1quina de Cerveja\">\n              <\/div>\n              <div class=\"u-container-align-center u-over-slide u-shading u-valign-bottom u-over-slide-18\">\n                <h5 class=\"u-align-center u-gallery-heading\" style=\"margin-right: 0px; margin-left: 0px; text-transform: uppercase;\">M\u00e1quina de Cerveja<\/h5>\n              <\/div>\n            <\/div>\n            <div class=\"u-effect-hover-zoom u-gallery-item\">\n              <div class=\"u-back-slide\" data-image-width=\"800\" data-image-height=\"800\">\n                <img decoding=\"async\" class=\"u-back-image u-expanded\" src=\"https:\/\/mu-eventos.com\/wp-content\/uploads\/2025\/02\/red_dispensador_bebidas_quentes_7_5L.jpg\" alt=\"Dispensador de Bebidas Quentes 7,5L\">\n              <\/div>\n              <div class=\"u-container-align-center u-over-slide u-shading u-valign-bottom u-over-slide-19\">\n                <h5 class=\"u-align-center u-gallery-heading\" style=\"margin-right: 0px; margin-left: 0px; text-transform: uppercase;\">Dispensador de Bebidas Quentes 7,5L<\/h5>\n              <\/div>\n            <\/div>\n            <div class=\"u-effect-hover-zoom u-gallery-item\">\n              <div class=\"u-back-slide\" data-image-width=\"800\" data-image-height=\"800\">\n                <img decoding=\"async\" class=\"u-back-image u-expanded\" src=\"https:\/\/mu-eventos.com\/wp-content\/uploads\/2025\/02\/red_Dispensadorportatil2x3litroscerveja.jpg\" alt=\"Dispensador\/mala de Cerveja Port\u00e1til 2X 3L\">\n              <\/div>\n              <div class=\"u-container-align-center u-over-slide u-shading u-valign-bottom u-over-slide-20\">\n                <h5 class=\"u-align-center u-gallery-heading\" style=\"margin-right: 0px; margin-left: 0px; text-transform: uppercase;\">Dispensador\/mala de Cerveja Port\u00e1til 2X 3L<\/h5>\n              <\/div>\n            <\/div>\n            <div class=\"u-effect-hover-zoom u-gallery-item\">\n              <div class=\"u-back-slide\" data-image-width=\"800\" data-image-height=\"800\">\n                <img decoding=\"async\" class=\"u-back-image u-expanded\" src=\"https:\/\/mu-eventos.com\/wp-content\/uploads\/2025\/02\/red_cafeteira_eletrica_9L.jpg\" alt=\"Cafeteira El\u00e9trica 9L\">\n              <\/div>\n              <div class=\"u-container-align-center u-over-slide u-shading u-valign-bottom u-over-slide-21\">\n                <h5 class=\"u-align-center u-gallery-heading\" style=\"margin-right: 0px; margin-left: 0px; text-transform: uppercase;\">Cafeteira El\u00e9trica 9L<\/h5>\n              <\/div>\n            <\/div>\n            <div class=\"u-effect-hover-zoom u-gallery-item\">\n              <div class=\"u-back-slide\" data-image-width=\"800\" data-image-height=\"800\">\n                <img decoding=\"async\" class=\"u-back-image u-expanded\" src=\"https:\/\/mu-eventos.com\/wp-content\/uploads\/2025\/02\/red_Coposdevidro.jpg\" alt=\"Copos de Vidro\">\n              <\/div>\n              <div class=\"u-container-align-center u-over-slide u-shading u-valign-bottom u-over-slide-22\">\n                <h5 class=\"u-align-center u-gallery-heading\" style=\"margin-right: 0px; margin-left: 0px; text-transform: uppercase;\">Copos de Vidro<\/h5>\n              <\/div>\n            <\/div>\n            <div class=\"u-effect-hover-zoom u-gallery-item\">\n              <div class=\"u-back-slide\" data-image-width=\"800\" data-image-height=\"800\">\n                <img decoding=\"async\" class=\"u-back-image u-expanded\" src=\"https:\/\/mu-eventos.com\/wp-content\/uploads\/2025\/02\/red_Aquecedortipocogumeloagas.jpg\" alt=\"Aquecedor &amp;quot;cogumelo&amp;quot; a g\u00e1s\">\n              <\/div>\n              <div class=\"u-container-align-center u-over-slide u-shading u-valign-bottom u-over-slide-23\">\n                <h5 class=\"u-align-center u-gallery-heading\" style=\"margin-right: 0px; margin-left: 0px; text-transform: uppercase;\">Aquecedor \"cogumelo\" a g\u00e1s<\/h5>\n              <\/div>\n            <\/div>\n            <div class=\"u-effect-hover-zoom u-gallery-item\">\n              <div class=\"u-back-slide\" data-image-width=\"800\" data-image-height=\"800\">\n                <img decoding=\"async\" class=\"u-back-image u-expanded\" src=\"https:\/\/mu-eventos.com\/wp-content\/uploads\/2025\/02\/red_Suporte_telesc_pico_de_lonas.jpg\" alt=\"Suporte Telesc\u00f3pico de Lonas\">\n              <\/div>\n              <div class=\"u-container-align-center u-over-slide u-shading u-valign-bottom u-over-slide-24\">\n                <h5 class=\"u-align-center u-gallery-heading\" style=\"margin-right: 0px; margin-left: 0px; text-transform: uppercase;\">Suporte Telesc\u00f3pico de Lonas<\/h5>\n              <\/div>\n            <\/div>\n          <\/div>\n        <\/div>\n      <\/div>\n    <\/section>\n    \n    \n    \n    \n  \n","protected":false},"excerpt":{"rendered":"<p>Photobooth 360 M\u00e1quina Pipocas dupla M\u00e1quina de pipocas M\u00e1quina para hotdogs M\u00e1quina de algod\u00e3o doce Mesa DJ tampo 80 a 100&nbsp;cm Forno de convec\u00e7\u00e3o manual 60cm Aquecedor comida ajust\u00e1vel em&nbsp;altura Aquecedor comida 3 recipientes el\u00e9trico Aquecedor de pipocas \/ batata frita \/&nbsp;nachos Assador de pernil (rota\u00e7\u00e3o autom\u00e1tica ou&nbsp;manual) Varinha m\u00e1gica industrial p\u00e9 40cm&nbsp;ou&nbsp;60cm Mesa de &hellip; <a href=\"https:\/\/mu-eventos.com\/index.php\/equipamentos\/\" class=\"more-link\">Continue reading<span class=\"screen-reader-text\"> &#8220;Equipamentos&#8221;<\/span><\/a><\/p>\n","protected":false},"author":1,"featured_media":0,"parent":0,"menu_order":3,"comment_status":"closed","ping_status":"closed","template":"","meta":{"footnotes":""},"class_list":["post-235","page","type-page","status-publish","hentry"],"_links":{"self":[{"href":"https:\/\/mu-eventos.com\/index.php\/wp-json\/wp\/v2\/pages\/235","targetHints":{"allow":["GET"]}}],"collection":[{"href":"https:\/\/mu-eventos.com\/index.php\/wp-json\/wp\/v2\/pages"}],"about":[{"href":"https:\/\/mu-eventos.com\/index.php\/wp-json\/wp\/v2\/types\/page"}],"author":[{"embeddable":true,"href":"https:\/\/mu-eventos.com\/index.php\/wp-json\/wp\/v2\/users\/1"}],"replies":[{"embeddable":true,"href":"https:\/\/mu-eventos.com\/index.php\/wp-json\/wp\/v2\/comments?post=235"}],"version-history":[{"count":9,"href":"https:\/\/mu-eventos.com\/index.php\/wp-json\/wp\/v2\/pages\/235\/revisions"}],"predecessor-version":[{"id":803,"href":"https:\/\/mu-eventos.com\/index.php\/wp-json\/wp\/v2\/pages\/235\/revisions\/803"}],"wp:attachment":[{"href":"https:\/\/mu-eventos.com\/index.php\/wp-json\/wp\/v2\/media?parent=235"}],"curies":[{"name":"wp","href":"https:\/\/api.w.org\/{rel}","templated":true}]}}